{"id":4184,"date":"2020-07-17T04:42:58","date_gmt":"2020-07-17T04:42:58","guid":{"rendered":"http:\/\/wpdemo.archiwp.com\/theratio\/?page_id=4184"},"modified":"2025-09-27T10:49:54","modified_gmt":"2025-09-27T10:49:54","slug":"portfolio-overlay-info-2-columns","status":"publish","type":"page","link":"https:\/\/solomobili.tn\/index.php\/portfolio-overlay-info-2-columns\/","title":{"rendered":"Portfolio Overlay Info 2 Columns"},"content":{"rendered":"\t\t<div data-elementor-type=\"wp-page\" data-elementor-id=\"4184\" class=\"elementor elementor-4184\">\n\t\t\t\t\t\t<section class=\"elementor-section elementor-top-section elementor-element elementor-element-594eadd elementor-section-boxed elementor-section-height-default elementor-section-height-default\" data-id=\"594eadd\" data-element_type=\"section\" data-e-type=\"section\">\n\t\t\t\t\t\t<div class=\"elementor-container elementor-column-gap-default\">\n\t\t\t\t\t<div class=\"elementor-column elementor-col-100 elementor-top-column elementor-element elementor-element-c86dbc6 ot-flex-column-vertical\" data-id=\"c86dbc6\" data-element_type=\"column\" data-e-type=\"column\">\n\t\t\t<div class=\"elementor-widget-wrap elementor-element-populated\">\n\t\t\t\t\t\t<div class=\"elementor-element elementor-element-9db0161 theratio-align-center elementor-widget elementor-widget-iheading\" data-id=\"9db0161\" data-element_type=\"widget\" data-e-type=\"widget\" data-widget_type=\"iheading.default\">\n\t\t\t\t<div class=\"elementor-widget-container\">\n\t\t\t\t\t\t\t<div class=\"ot-heading is-dots\">\n\t        <span>[ our portfolio ]<\/span>\t        <h2 class=\"main-heading\">Some of Our Works<br>  and Case Studies for Clients<\/h2>\t    <\/div>\n\t    \t\t\t\t<\/div>\n\t\t\t\t<\/div>\n\t\t\t\t<div class=\"elementor-element elementor-element-cb69613 elementor-widget elementor-widget-ipfilter\" data-id=\"cb69613\" data-element_type=\"widget\" data-e-type=\"widget\" data-widget_type=\"ipfilter.default\">\n\t\t\t\t<div class=\"elementor-widget-container\">\n\t\t\t\t\t\n\t\t<div class=\"project-filter-wrapper\">\n\t\t\t\t        \t<div class=\"container\">\n\t        \t\t<ul class=\"project_filters\">\n\t        \t\t\t\t        \t\t\t \t<li><a href=\"#\" data-filter=\"*\" class=\"selected btn-details\">All<span class=\"filter-count\"><\/span><\/a><\/li>\n\t        \t\t\t\t\t                \t\t                    <li>\n\t\t\t\t\t\t\t\t<a class=\"btn-details\" href='#' data-filter='.category-15'>Architecture<span class=\"filter-count\"><\/span><\/a>\n\t\t\t\t\t\t\t<\/li>\t                    \n\t\t                \t\t                    <li>\n\t\t\t\t\t\t\t\t<a class=\"btn-details\" href='#' data-filter='.category-16'>Decor<span class=\"filter-count\"><\/span><\/a>\n\t\t\t\t\t\t\t<\/li>\t                    \n\t\t                \t\t                    <li>\n\t\t\t\t\t\t\t\t<a class=\"btn-details\" href='#' data-filter='.category-17'>Furniture<span class=\"filter-count\"><\/span><\/a>\n\t\t\t\t\t\t\t<\/li>\t                    \n\t\t                \t\t                    <li>\n\t\t\t\t\t\t\t\t<a class=\"btn-details\" href='#' data-filter='.category-18'>Interior<span class=\"filter-count\"><\/span><\/a>\n\t\t\t\t\t\t\t<\/li>\t                    \n\t\t                \t\t\t\t\t<\/ul>\n\t\t\t\t<\/div>\n\t        \t\t\t\t        <div class=\"projects-grid pf_2_cols style-5 img-scale w-auto\" data-load=\"3\" data-count=\"12\">\n\t\t\t<div class=\"grid-sizer\"><\/div>\n\t            \n<div class=\"project-item category-18 \">\n\t<div class=\"projects-box\">\n\t\t<div class=\"projects-thumbnail\" data-src=\"https:\/\/solomobili.tn\/wp-content\/uploads\/2025\/08\/CUISINESOLO-34-scaled.jpg\" data-sub-html=\"Cuisines\">\n\t\t\t<a href=\"https:\/\/solomobili.tn\/index.php\/portfolio\/stylish-family-appartment\/\">\n\t\t\t\t<img fetchpriority=\"high\" decoding=\"async\" width=\"720\" height=\"720\" src=\"https:\/\/solomobili.tn\/wp-content\/uploads\/2025\/08\/CUISINESOLO-34-720x720.jpg\" class=\"attachment-theratio-portfolio-thumbnail-grid size-theratio-portfolio-thumbnail-grid wp-post-image\" alt=\"\" srcset=\"https:\/\/solomobili.tn\/wp-content\/uploads\/2025\/08\/CUISINESOLO-34-720x720.jpg 720w, https:\/\/solomobili.tn\/wp-content\/uploads\/2025\/08\/CUISINESOLO-34-150x150.jpg 150w\" sizes=\"(max-width: 720px) 100vw, 720px\" \/>\t\t\t<\/a>\n\t\t\t\n\t\t\t<span class=\"overlay\">\n\t\t\t\t<h5>Cuisines<\/h5>\n\t\t\t\t<i class=\"ot-flaticon-add\"><\/i>\n\t\t\t<\/span>\n\t\t<\/div>\n\t\t<div class=\"portfolio-info\">\n\t\t\t<div class=\"portfolio-info-inner\">\n\t\t\t\t<h5><a class=\"title-link\" href=\"https:\/\/solomobili.tn\/index.php\/portfolio\/stylish-family-appartment\/\" data-src=\"https:\/\/solomobili.tn\/wp-content\/uploads\/2025\/08\/CUISINESOLO-34-scaled.jpg\" data-sub-html=\"Cuisines\">Cuisines<\/a><\/h5>\n\t\t\t\t<p class=\"portfolio-cates\"><a href=\"https:\/\/solomobili.tn\/index.php\/portfolio-category\/interior\/\">Interior<\/a><\/p> \n\t\t\t<\/div>\n\t\t\t<a class=\"overlay\" href=\"https:\/\/solomobili.tn\/index.php\/portfolio\/stylish-family-appartment\/\"><\/a>\n\t\t<\/div>\n\t<\/div>\n<\/div>\n<div class=\"project-item category-16 category-18 \">\n\t<div class=\"projects-box\">\n\t\t<div class=\"projects-thumbnail\" data-src=\"https:\/\/solomobili.tn\/wp-content\/uploads\/2019\/11\/project2.jpg\" data-sub-html=\"Minimal Guests House\">\n\t\t\t<a href=\"https:\/\/solomobili.tn\/index.php\/portfolio\/minimal-guests-house\/\">\n\t\t\t\t<img decoding=\"async\" width=\"720\" height=\"720\" src=\"https:\/\/solomobili.tn\/wp-content\/uploads\/2019\/11\/project2-720x720.jpg\" class=\"attachment-theratio-portfolio-thumbnail-grid size-theratio-portfolio-thumbnail-grid wp-post-image\" alt=\"\" srcset=\"https:\/\/solomobili.tn\/wp-content\/uploads\/2019\/11\/project2-720x720.jpg 720w, https:\/\/solomobili.tn\/wp-content\/uploads\/2019\/11\/project2-150x150.jpg 150w\" sizes=\"(max-width: 720px) 100vw, 720px\" \/>\t\t\t<\/a>\n\t\t\t\n\t\t\t<span class=\"overlay\">\n\t\t\t\t<h5>Minimal Guests House<\/h5>\n\t\t\t\t<i class=\"ot-flaticon-add\"><\/i>\n\t\t\t<\/span>\n\t\t<\/div>\n\t\t<div class=\"portfolio-info\">\n\t\t\t<div class=\"portfolio-info-inner\">\n\t\t\t\t<h5><a class=\"title-link\" href=\"https:\/\/solomobili.tn\/index.php\/portfolio\/minimal-guests-house\/\" data-src=\"https:\/\/solomobili.tn\/wp-content\/uploads\/2019\/11\/project2.jpg\" data-sub-html=\"Minimal Guests House\">Minimal Guests House<\/a><\/h5>\n\t\t\t\t<p class=\"portfolio-cates\"><a href=\"https:\/\/solomobili.tn\/index.php\/portfolio-category\/decor\/\">Decor<\/a><a href=\"https:\/\/solomobili.tn\/index.php\/portfolio-category\/interior\/\">Interior<\/a><\/p> \n\t\t\t<\/div>\n\t\t\t<a class=\"overlay\" href=\"https:\/\/solomobili.tn\/index.php\/portfolio\/minimal-guests-house\/\"><\/a>\n\t\t<\/div>\n\t<\/div>\n<\/div>\n<div class=\"project-item category-15 \">\n\t<div class=\"projects-box\">\n\t\t<div class=\"projects-thumbnail\" data-src=\"https:\/\/solomobili.tn\/wp-content\/uploads\/2025\/09\/SOLO-TABLE-A-MANGER-3-1.jpg\" data-sub-html=\"Tables \u00e0 manger\">\n\t\t\t<a href=\"https:\/\/solomobili.tn\/index.php\/portfolio\/tables-a-manger\/\">\n\t\t\t\t<img decoding=\"async\" width=\"720\" height=\"720\" src=\"https:\/\/solomobili.tn\/wp-content\/uploads\/2025\/09\/SOLO-TABLE-A-MANGER-3-1-720x720.jpg\" class=\"attachment-theratio-portfolio-thumbnail-grid size-theratio-portfolio-thumbnail-grid wp-post-image\" alt=\"\" srcset=\"https:\/\/solomobili.tn\/wp-content\/uploads\/2025\/09\/SOLO-TABLE-A-MANGER-3-1-720x720.jpg 720w, https:\/\/solomobili.tn\/wp-content\/uploads\/2025\/09\/SOLO-TABLE-A-MANGER-3-1-150x150.jpg 150w\" sizes=\"(max-width: 720px) 100vw, 720px\" \/>\t\t\t<\/a>\n\t\t\t\n\t\t\t<span class=\"overlay\">\n\t\t\t\t<h5>Tables \u00e0 manger<\/h5>\n\t\t\t\t<i class=\"ot-flaticon-add\"><\/i>\n\t\t\t<\/span>\n\t\t<\/div>\n\t\t<div class=\"portfolio-info\">\n\t\t\t<div class=\"portfolio-info-inner\">\n\t\t\t\t<h5><a class=\"title-link\" href=\"https:\/\/solomobili.tn\/index.php\/portfolio\/tables-a-manger\/\" data-src=\"https:\/\/solomobili.tn\/wp-content\/uploads\/2025\/09\/SOLO-TABLE-A-MANGER-3-1.jpg\" data-sub-html=\"Tables \u00e0 manger\">Tables \u00e0 manger<\/a><\/h5>\n\t\t\t\t<p class=\"portfolio-cates\"><a href=\"https:\/\/solomobili.tn\/index.php\/portfolio-category\/architecture\/\">Architecture<\/a><\/p> \n\t\t\t<\/div>\n\t\t\t<a class=\"overlay\" href=\"https:\/\/solomobili.tn\/index.php\/portfolio\/tables-a-manger\/\"><\/a>\n\t\t<\/div>\n\t<\/div>\n<\/div>\n<div class=\"project-item category-17 \">\n\t<div class=\"projects-box\">\n\t\t<div class=\"projects-thumbnail\" data-src=\"https:\/\/solomobili.tn\/wp-content\/uploads\/2019\/11\/project4.jpg\" data-sub-html=\"Chambres \u00e0 coucher\">\n\t\t\t<a href=\"https:\/\/solomobili.tn\/index.php\/portfolio\/chambres-a-coucher\/\">\n\t\t\t\t<img loading=\"lazy\" decoding=\"async\" width=\"720\" height=\"720\" src=\"https:\/\/solomobili.tn\/wp-content\/uploads\/2019\/11\/project4-720x720.jpg\" class=\"attachment-theratio-portfolio-thumbnail-grid size-theratio-portfolio-thumbnail-grid wp-post-image\" alt=\"\" srcset=\"https:\/\/solomobili.tn\/wp-content\/uploads\/2019\/11\/project4-720x720.jpg 720w, https:\/\/solomobili.tn\/wp-content\/uploads\/2019\/11\/project4-150x150.jpg 150w\" sizes=\"(max-width: 720px) 100vw, 720px\" \/>\t\t\t<\/a>\n\t\t\t\n\t\t\t<span class=\"overlay\">\n\t\t\t\t<h5>Chambres \u00e0 coucher<\/h5>\n\t\t\t\t<i class=\"ot-flaticon-add\"><\/i>\n\t\t\t<\/span>\n\t\t<\/div>\n\t\t<div class=\"portfolio-info\">\n\t\t\t<div class=\"portfolio-info-inner\">\n\t\t\t\t<h5><a class=\"title-link\" href=\"https:\/\/solomobili.tn\/index.php\/portfolio\/chambres-a-coucher\/\" data-src=\"https:\/\/solomobili.tn\/wp-content\/uploads\/2019\/11\/project4.jpg\" data-sub-html=\"Chambres \u00e0 coucher\">Chambres \u00e0 coucher<\/a><\/h5>\n\t\t\t\t<p class=\"portfolio-cates\"><a href=\"https:\/\/solomobili.tn\/index.php\/portfolio-category\/furniture\/\">Furniture<\/a><\/p> \n\t\t\t<\/div>\n\t\t\t<a class=\"overlay\" href=\"https:\/\/solomobili.tn\/index.php\/portfolio\/chambres-a-coucher\/\"><\/a>\n\t\t<\/div>\n\t<\/div>\n<\/div>\n<div class=\"project-item category-17 \">\n\t<div class=\"projects-box\">\n\t\t<div class=\"projects-thumbnail\" data-src=\"https:\/\/solomobili.tn\/wp-content\/uploads\/2025\/09\/SOLO-CHAISE-3.jpg\" data-sub-html=\"Chaises\">\n\t\t\t<a href=\"https:\/\/solomobili.tn\/index.php\/portfolio\/chaises\/\">\n\t\t\t\t<img loading=\"lazy\" decoding=\"async\" width=\"560\" height=\"560\" src=\"https:\/\/solomobili.tn\/wp-content\/uploads\/2025\/09\/SOLO-CHAISE-3.jpg\" class=\"attachment-theratio-portfolio-thumbnail-grid size-theratio-portfolio-thumbnail-grid wp-post-image\" alt=\"\" srcset=\"https:\/\/solomobili.tn\/wp-content\/uploads\/2025\/09\/SOLO-CHAISE-3.jpg 560w, https:\/\/solomobili.tn\/wp-content\/uploads\/2025\/09\/SOLO-CHAISE-3-300x300.jpg 300w, https:\/\/solomobili.tn\/wp-content\/uploads\/2025\/09\/SOLO-CHAISE-3-150x150.jpg 150w\" sizes=\"(max-width: 560px) 100vw, 560px\" \/>\t\t\t<\/a>\n\t\t\t\n\t\t\t<span class=\"overlay\">\n\t\t\t\t<h5>Chaises<\/h5>\n\t\t\t\t<i class=\"ot-flaticon-add\"><\/i>\n\t\t\t<\/span>\n\t\t<\/div>\n\t\t<div class=\"portfolio-info\">\n\t\t\t<div class=\"portfolio-info-inner\">\n\t\t\t\t<h5><a class=\"title-link\" href=\"https:\/\/solomobili.tn\/index.php\/portfolio\/chaises\/\" data-src=\"https:\/\/solomobili.tn\/wp-content\/uploads\/2025\/09\/SOLO-CHAISE-3.jpg\" data-sub-html=\"Chaises\">Chaises<\/a><\/h5>\n\t\t\t\t<p class=\"portfolio-cates\"><a href=\"https:\/\/solomobili.tn\/index.php\/portfolio-category\/furniture\/\">Furniture<\/a><\/p> \n\t\t\t<\/div>\n\t\t\t<a class=\"overlay\" href=\"https:\/\/solomobili.tn\/index.php\/portfolio\/chaises\/\"><\/a>\n\t\t<\/div>\n\t<\/div>\n<\/div>\n<div class=\"project-item category-17 category-18 \">\n\t<div class=\"projects-box\">\n\t\t<div class=\"projects-thumbnail\" data-src=\"https:\/\/solomobili.tn\/wp-content\/uploads\/2025\/09\/SOLO-SALONI-6.jpg\" data-sub-html=\"Sallons\">\n\t\t\t<a href=\"https:\/\/solomobili.tn\/index.php\/portfolio\/sallons\/\">\n\t\t\t\t<img loading=\"lazy\" decoding=\"async\" width=\"720\" height=\"720\" src=\"https:\/\/solomobili.tn\/wp-content\/uploads\/2025\/09\/SOLO-SALONI-6-720x720.jpg\" class=\"attachment-theratio-portfolio-thumbnail-grid size-theratio-portfolio-thumbnail-grid wp-post-image\" alt=\"\" srcset=\"https:\/\/solomobili.tn\/wp-content\/uploads\/2025\/09\/SOLO-SALONI-6-720x720.jpg 720w, https:\/\/solomobili.tn\/wp-content\/uploads\/2025\/09\/SOLO-SALONI-6-150x150.jpg 150w\" sizes=\"(max-width: 720px) 100vw, 720px\" \/>\t\t\t<\/a>\n\t\t\t\n\t\t\t<span class=\"overlay\">\n\t\t\t\t<h5>Sallons<\/h5>\n\t\t\t\t<i class=\"ot-flaticon-add\"><\/i>\n\t\t\t<\/span>\n\t\t<\/div>\n\t\t<div class=\"portfolio-info\">\n\t\t\t<div class=\"portfolio-info-inner\">\n\t\t\t\t<h5><a class=\"title-link\" href=\"https:\/\/solomobili.tn\/index.php\/portfolio\/sallons\/\" data-src=\"https:\/\/solomobili.tn\/wp-content\/uploads\/2025\/09\/SOLO-SALONI-6.jpg\" data-sub-html=\"Sallons\">Sallons<\/a><\/h5>\n\t\t\t\t<p class=\"portfolio-cates\"><a href=\"https:\/\/solomobili.tn\/index.php\/portfolio-category\/furniture\/\">Furniture<\/a><a href=\"https:\/\/solomobili.tn\/index.php\/portfolio-category\/interior\/\">Interior<\/a><\/p> \n\t\t\t<\/div>\n\t\t\t<a class=\"overlay\" href=\"https:\/\/solomobili.tn\/index.php\/portfolio\/sallons\/\"><\/a>\n\t\t<\/div>\n\t<\/div>\n<\/div>\t\t\t<\/div>\n\n\t\t\t<div class=\"btn-block\"><a href=\"#\" class=\"btn-loadmore octf-btn\" data-category=\"\" data-loaded=\"Load More\" data-loading=\"Loading\" data-style=\"grid\">Load More<\/a><\/div>\t    <\/div>\n\t\t\t\t\t\t\t\t\t\t\n\t    \t\t\t\t<\/div>\n\t\t\t\t<\/div>\n\t\t\t\t\t<\/div>\n\t\t<\/div>\n\t\t\t\t\t<\/div>\n\t\t<\/section>\n\t\t<div class=\"elementor-element elementor-element-5e01d5a e-flex e-con-boxed e-con e-parent\" data-id=\"5e01d5a\" data-element_type=\"container\" data-e-type=\"container\">\n\t\t\t\t\t<div class=\"e-con-inner\">\n\t\t\t\t<div class=\"elementor-element elementor-element-4621965 elementor-widget elementor-widget-image\" data-id=\"4621965\" data-element_type=\"widget\" data-e-type=\"widget\" data-widget_type=\"image.default\">\n\t\t\t\t\t\t\t\t\t\t\t\t\t\t\t<img loading=\"lazy\" decoding=\"async\" width=\"1024\" height=\"768\" src=\"https:\/\/solomobili.tn\/wp-content\/uploads\/2025\/09\/TOKYO-1024x768.jpg\" class=\"attachment-large size-large wp-image-5785\" alt=\"\" srcset=\"https:\/\/solomobili.tn\/wp-content\/uploads\/2025\/09\/TOKYO-1024x768.jpg 1024w, https:\/\/solomobili.tn\/wp-content\/uploads\/2025\/09\/TOKYO-300x225.jpg 300w, https:\/\/solomobili.tn\/wp-content\/uploads\/2025\/09\/TOKYO-768x576.jpg 768w, https:\/\/solomobili.tn\/wp-content\/uploads\/2025\/09\/TOKYO.jpg 1280w\" sizes=\"(max-width: 1024px) 100vw, 1024px\" \/>\t\t\t\t\t\t\t\t\t\t\t\t\t\t\t<\/div>\n\t\t\t\t\t<\/div>\n\t\t\t\t<\/div>\n\t\t<div class=\"elementor-element elementor-element-159692e e-flex e-con-boxed e-con e-parent\" data-id=\"159692e\" data-element_type=\"container\" data-e-type=\"container\">\n\t\t\t\t\t<div class=\"e-con-inner\">\n\t\t\t\t<div class=\"elementor-element elementor-element-3dc0529 elementor-widget elementor-widget-image\" data-id=\"3dc0529\" data-element_type=\"widget\" data-e-type=\"widget\" data-widget_type=\"image.default\">\n\t\t\t\t\t\t\t\t\t\t\t\t\t\t\t<img loading=\"lazy\" decoding=\"async\" width=\"1024\" height=\"768\" src=\"https:\/\/solomobili.tn\/wp-content\/uploads\/2025\/09\/TOKYO2-1024x768.jpg\" class=\"attachment-large size-large wp-image-5787\" alt=\"\" srcset=\"https:\/\/solomobili.tn\/wp-content\/uploads\/2025\/09\/TOKYO2-1024x768.jpg 1024w, https:\/\/solomobili.tn\/wp-content\/uploads\/2025\/09\/TOKYO2-300x225.jpg 300w, https:\/\/solomobili.tn\/wp-content\/uploads\/2025\/09\/TOKYO2-768x576.jpg 768w, https:\/\/solomobili.tn\/wp-content\/uploads\/2025\/09\/TOKYO2.jpg 1280w\" sizes=\"(max-width: 1024px) 100vw, 1024px\" \/>\t\t\t\t\t\t\t\t\t\t\t\t\t\t\t<\/div>\n\t\t\t\t<div class=\"elementor-element elementor-element-b9f5d05 elementor-widget elementor-widget-image\" data-id=\"b9f5d05\" data-element_type=\"widget\" data-e-type=\"widget\" data-widget_type=\"image.default\">\n\t\t\t\t\t\t\t\t\t\t\t\t\t\t\t<img loading=\"lazy\" decoding=\"async\" width=\"1024\" height=\"768\" src=\"https:\/\/solomobili.tn\/wp-content\/uploads\/2025\/09\/TOKYO1-1024x768.jpg\" class=\"attachment-large size-large wp-image-5786\" alt=\"\" srcset=\"https:\/\/solomobili.tn\/wp-content\/uploads\/2025\/09\/TOKYO1-1024x768.jpg 1024w, https:\/\/solomobili.tn\/wp-content\/uploads\/2025\/09\/TOKYO1-300x225.jpg 300w, https:\/\/solomobili.tn\/wp-content\/uploads\/2025\/09\/TOKYO1-768x576.jpg 768w, https:\/\/solomobili.tn\/wp-content\/uploads\/2025\/09\/TOKYO1.jpg 1280w\" sizes=\"(max-width: 1024px) 100vw, 1024px\" \/>\t\t\t\t\t\t\t\t\t\t\t\t\t\t\t<\/div>\n\t\t\t\t\t<\/div>\n\t\t\t\t<\/div>\n\t\t<div class=\"elementor-element elementor-element-f4cc218 e-flex e-con-boxed e-con e-parent\" data-id=\"f4cc218\" data-element_type=\"container\" data-e-type=\"container\">\n\t\t\t\t\t<div class=\"e-con-inner\">\n\t\t\t\t<div class=\"elementor-element elementor-element-3b430ca elementor-widget elementor-widget-image\" data-id=\"3b430ca\" data-element_type=\"widget\" data-e-type=\"widget\" data-widget_type=\"image.default\">\n\t\t\t\t\t\t\t\t\t\t\t\t\t\t\t<img loading=\"lazy\" decoding=\"async\" width=\"1024\" height=\"768\" src=\"https:\/\/solomobili.tn\/wp-content\/uploads\/2025\/09\/TOKYO2-1-1024x768.jpg\" class=\"attachment-large size-large wp-image-5788\" alt=\"\" srcset=\"https:\/\/solomobili.tn\/wp-content\/uploads\/2025\/09\/TOKYO2-1-1024x768.jpg 1024w, https:\/\/solomobili.tn\/wp-content\/uploads\/2025\/09\/TOKYO2-1-300x225.jpg 300w, https:\/\/solomobili.tn\/wp-content\/uploads\/2025\/09\/TOKYO2-1-768x576.jpg 768w, https:\/\/solomobili.tn\/wp-content\/uploads\/2025\/09\/TOKYO2-1.jpg 1280w\" sizes=\"(max-width: 1024px) 100vw, 1024px\" \/>\t\t\t\t\t\t\t\t\t\t\t\t\t\t\t<\/div>\n\t\t\t\t\t<\/div>\n\t\t\t\t<\/div>\n\t\t<div class=\"elementor-element elementor-element-09109f0 e-flex e-con-boxed e-con e-parent\" data-id=\"09109f0\" data-element_type=\"container\" data-e-type=\"container\">\n\t\t\t\t\t<div class=\"e-con-inner\">\n\t\t\t\t<div class=\"elementor-element elementor-element-09eaea0 elementor-widget elementor-widget-image\" data-id=\"09eaea0\" data-element_type=\"widget\" data-e-type=\"widget\" data-widget_type=\"image.default\">\n\t\t\t\t\t\t\t\t\t\t\t\t\t\t\t<img loading=\"lazy\" decoding=\"async\" width=\"1024\" height=\"768\" src=\"https:\/\/solomobili.tn\/wp-content\/uploads\/2025\/09\/TOKYO3-1024x768.jpg\" class=\"attachment-large size-large wp-image-5789\" alt=\"\" srcset=\"https:\/\/solomobili.tn\/wp-content\/uploads\/2025\/09\/TOKYO3-1024x768.jpg 1024w, https:\/\/solomobili.tn\/wp-content\/uploads\/2025\/09\/TOKYO3-300x225.jpg 300w, https:\/\/solomobili.tn\/wp-content\/uploads\/2025\/09\/TOKYO3-768x576.jpg 768w, https:\/\/solomobili.tn\/wp-content\/uploads\/2025\/09\/TOKYO3.jpg 1280w\" sizes=\"(max-width: 1024px) 100vw, 1024px\" \/>\t\t\t\t\t\t\t\t\t\t\t\t\t\t\t<\/div>\n\t\t\t\t\t<\/div>\n\t\t\t\t<\/div>\n\t\t<div class=\"elementor-element elementor-element-f7b99f1 e-flex e-con-boxed e-con e-parent\" data-id=\"f7b99f1\" data-element_type=\"container\" data-e-type=\"container\">\n\t\t\t\t\t<div class=\"e-con-inner\">\n\t\t\t\t<div class=\"elementor-element elementor-element-44d5186 elementor-widget elementor-widget-image\" data-id=\"44d5186\" data-element_type=\"widget\" data-e-type=\"widget\" data-widget_type=\"image.default\">\n\t\t\t\t\t\t\t\t\t\t\t\t\t\t\t<img loading=\"lazy\" decoding=\"async\" width=\"1024\" height=\"768\" src=\"https:\/\/solomobili.tn\/wp-content\/uploads\/2025\/09\/TOKYO4-1024x768.jpg\" class=\"attachment-large size-large wp-image-5790\" alt=\"\" srcset=\"https:\/\/solomobili.tn\/wp-content\/uploads\/2025\/09\/TOKYO4-1024x768.jpg 1024w, https:\/\/solomobili.tn\/wp-content\/uploads\/2025\/09\/TOKYO4-300x225.jpg 300w, https:\/\/solomobili.tn\/wp-content\/uploads\/2025\/09\/TOKYO4-768x576.jpg 768w, https:\/\/solomobili.tn\/wp-content\/uploads\/2025\/09\/TOKYO4.jpg 1280w\" sizes=\"(max-width: 1024px) 100vw, 1024px\" \/>\t\t\t\t\t\t\t\t\t\t\t\t\t\t\t<\/div>\n\t\t\t\t\t<\/div>\n\t\t\t\t<\/div>\n\t\t\t\t<\/div>\n\t\t","protected":false},"excerpt":{"rendered":"<p>[ our portfolio ] Some of Our Works and Case Studies for Clients All Architecture Decor Furniture Interior Cuisines Cuisines Interior Minimal Guests House Minimal Guests House DecorInterior Tables \u00e0 manger Tables \u00e0 manger Architecture Chambres \u00e0 coucher Chambres \u00e0 coucher Furniture Chaises Chaises Furniture Sallons Sallons FurnitureInterior Load More<\/p>\n","protected":false},"author":1,"featured_media":0,"parent":0,"menu_order":0,"comment_status":"closed","ping_status":"closed","template":"","meta":{"footnotes":""},"class_list":["post-4184","page","type-page","status-publish","hentry"],"_links":{"self":[{"href":"https:\/\/solomobili.tn\/index.php\/wp-json\/wp\/v2\/pages\/4184","targetHints":{"allow":["GET"]}}],"collection":[{"href":"https:\/\/solomobili.tn\/index.php\/wp-json\/wp\/v2\/pages"}],"about":[{"href":"https:\/\/solomobili.tn\/index.php\/wp-json\/wp\/v2\/types\/page"}],"author":[{"embeddable":true,"href":"https:\/\/solomobili.tn\/index.php\/wp-json\/wp\/v2\/users\/1"}],"replies":[{"embeddable":true,"href":"https:\/\/solomobili.tn\/index.php\/wp-json\/wp\/v2\/comments?post=4184"}],"version-history":[{"count":3,"href":"https:\/\/solomobili.tn\/index.php\/wp-json\/wp\/v2\/pages\/4184\/revisions"}],"predecessor-version":[{"id":5793,"href":"https:\/\/solomobili.tn\/index.php\/wp-json\/wp\/v2\/pages\/4184\/revisions\/5793"}],"wp:attachment":[{"href":"https:\/\/solomobili.tn\/index.php\/wp-json\/wp\/v2\/media?parent=4184"}],"curies":[{"name":"wp","href":"https:\/\/api.w.org\/{rel}","templated":true}]}}